{"id":104,"date":"2019-08-05T11:48:25","date_gmt":"2019-08-05T09:48:25","guid":{"rendered":"http:\/\/klubycherubinek.bckompleks.eu\/?page_id=104"},"modified":"2019-08-05T11:48:25","modified_gmt":"2019-08-05T09:48:25","slug":"praca","status":"publish","type":"page","link":"http:\/\/klubycherubinek.bckompleks.eu\/index.php\/praca\/","title":{"rendered":"Praca"},"content":{"rendered":"\n<p>Centrum Us\u0142ug Specjalistycznych BC Kompleks\u00a0 w Lublinie og\u0142asza nab\u00f3r na stanowisko pracy:<br>OPIEKUNKA\/OPIEKUN W KLUBIE DZIECI\u0118CYM w Lublinie i Garbowie<\/p>\n\n\n\n<p>Minimalne kwalifikacje i wymogi<br>Osoba na w\/w stanowisku powinna\u00a0 spe\u0142nia\u0107 jeden z ni\u017cej wymienionych warunk\u00f3w:<br>posiada\u0107 kwalifikacje:\u00a0<br>-piel\u0119gniarki lub<br>-po\u0142o\u017cnej lub<br>-opiekunki dzieci\u0119cej lub<br>-nauczyciela wychowania przedszkolnego lub<br>-nauczyciela edukacji wczesnoszkolnej lub<br>-pedagoga opieku\u0144czo- wychowawczego<br>albo posiada\u0107 co najmniej wykszta\u0142cenie \u015brednie oraz:\u00a0<br>-co najmniej dwuletnie do\u015bwiadczenie w pracy z dzie\u0107mi w wieku do lat 3 lub\u00a0<br>-przed  zatrudnieniem jako opiekun w \u017c\u0142obku lub w klubie dzieci\u0119cym odby\u0142a 280-godzinne szkolenie, z czego co najmniej 80 godzin w formie zaj\u0119\u0107  praktycznych, polegaj\u0105cych na sprawowaniu opieki nad dzieckiem pod  kierunkiem\u00a0 opiekuna dzieci\u0119cego.<\/p>\n\n\n\n<p>Ponadto:<br>1)  daje r\u0119kojmi\u0119 nale\u017cytego sprawowania opieki nad dzie\u0107mi;\u00a0 <br>2) nie jest i  nie by\u0142a pozbawiona w\u0142adzy rodzicielskiej oraz w\u0142adza rodzicielska nie  zosta\u0142a jej zawieszona ani ograniczona;\u00a0 <br>3) wype\u0142nia obowi\u0105zek  alimentacyjny, w przypadku gdy taki obowi\u0105zek zosta\u0142 na\u0142o\u017cony na  podstawie tytu\u0142u wykonawczego pochodz\u0105cego lub zatwierdzonego przez  s\u0105d;\u00a0 <br>4) nie zosta\u0142a skazana prawomocnym wyrokiem za przest\u0119pstwo  umy\u015blne.<\/p>\n\n\n\n<p>Oczekiwania:<br>Dyspozycyjno\u015b\u0107,\n otwarto\u015b\u0107, kreatywno\u015b\u0107, odpowiedzialno\u015b\u0107, bardzo dobry kontakt z ma\u0142ymi\n dzie\u0107mi w wieku 1-3 lata, cierpliwo\u015b\u0107, umiej\u0119tno\u015b\u0107 pracy w grupie.<\/p>\n\n\n\n<p>Zakres  obowi\u0105zk\u00f3w: <br>realizacja programu edukacyjnego z elementami pedagogiki  Montessori,\u00a0 organizacja i prowadzenie zaj\u0119\u0107 edukacyjnych i  stymuluj\u0105cych rozw\u00f3j dzieci, wszechstronny rozw\u00f3j dzieci, pobudzanie  dzieci do aktywno\u015bci, wykonywanie codziennych czynno\u015bci zwi\u0105zanych z  opiek\u0105 i piel\u0119gnacj\u0105 dzieci z zakresu: karmienia, mycia, uk\u0142adania do  snu, przewijania, itp., wychowawcze oddzia\u0142ywanie na dzieci podczas  trwania codziennych czynno\u015bci, prowadzenie zaj\u0119\u0107  opieku\u0144czo-wychowawczych i edukacyjnych z poszanowaniem r\u00f3\u017cnorodno\u015bci,  wsp\u00f3\u0142praca z rodzicami dzieci ucz\u0119szczaj\u0105cych do klubu dzieci\u0119cego, w  szczeg\u00f3lno\u015bci przez prowadzenie konsultacji i udzielanie porad rodzicom w  zakresie pracy z dzie\u0107mi na temat rozwoju, sprawowania opieki,  wychowania i procesu edukacyjnego dzieci, prowadzenie wymaganej  dokumentacji.<\/p>\n\n\n\n<p>Forma zatrudnienia: umowa o prac\u0119<\/p>\n\n\n\n<p>Wynagrodzenie brutto: 2700, 00 z\u0142<br>Liczba miejsc pracy: 3<\/p>\n\n\n\n<p>Miejsce pracy: Klub Dzieci\u0119cy Lublin, ul. Towarowa 5, Klub Dzieci\u0119cy Garb\u00f3w, ul. Warszawska 113<br>Przewidywany termin rozpocz\u0119cia pracy 1.09.2019<\/p>\n\n\n\n<p>Wymagane  dokumenty: CV, list motywacyjny, o\u015bwiadczenia dotycz\u0105ce spe\u0142nienia\u00a0  minimalnych\u00a0 kwalifikacji i wymog\u00f3w, kserokopie dokument\u00f3w  potwierdzaj\u0105cych kwalifikacje i\u00a0 posiadane wykszta\u0142cenie<\/p>\n\n\n\n<p>Dokumenty nale\u017cy sk\u0142ada\u0107 na adres mailowy: <a href=\"mailto:biuro@bckompleks.eu\" target=\"_blank\" rel=\"noreferrer noopener\">biuro@bckompleks.eu<\/a><br>Informacje pod numerem 668346299<br><\/p>\n","protected":false},"excerpt":{"rendered":"<p>Centrum Us\u0142ug Specjalistycznych BC Kompleks\u00a0 w Lublinie og\u0142asza nab\u00f3r na stanowisko pracy:OPIEKUNKA\/OPIEKUN W KLUBIE DZIECI\u0118CYM w Lublinie i Garbowie Minimalne kwalifikacje i wymogiOsoba na w\/w stanowisku powinna\u00a0 spe\u0142nia\u0107 jeden z ni\u017cej wymienionych warunk\u00f3w:posiada\u0107 kwalifikacje:\u00a0-piel\u0119gniarki lub-po\u0142o\u017cnej lub-opiekunki dzieci\u0119cej lub-nauczyciela wychowania przedszkolnego lub-nauczyciela edukacji wczesnoszkolnej lub-pedagoga opieku\u0144czo- wychowawczegoalbo posiada\u0107 co najmniej wykszta\u0142cenie \u015brednie oraz:\u00a0-co najmniej dwuletnie do\u015bwiadczenie &hellip; <\/p>\n<p class=\"link-more\"><a href=\"http:\/\/klubycherubinek.bckompleks.eu\/index.php\/praca\/\" class=\"more-link\">Czytaj dalej<span class=\"screen-reader-text\"> Praca<\/span><\/a><\/p>\n","protected":false},"author":1,"featured_media":0,"parent":0,"menu_order":0,"comment_status":"closed","ping_status":"closed","template":"","meta":[],"_links":{"self":[{"href":"http:\/\/klubycherubinek.bckompleks.eu\/index.php\/wp-json\/wp\/v2\/pages\/104"}],"collection":[{"href":"http:\/\/klubycherubinek.bckompleks.eu\/index.php\/wp-json\/wp\/v2\/pages"}],"about":[{"href":"http:\/\/klubycherubinek.bckompleks.eu\/index.php\/wp-json\/wp\/v2\/types\/page"}],"author":[{"embeddable":true,"href":"http:\/\/klubycherubinek.bckompleks.eu\/index.php\/wp-json\/wp\/v2\/users\/1"}],"replies":[{"embeddable":true,"href":"http:\/\/klubycherubinek.bckompleks.eu\/index.php\/wp-json\/wp\/v2\/comments?post=104"}],"version-history":[{"count":3,"href":"http:\/\/klubycherubinek.bckompleks.eu\/index.php\/wp-json\/wp\/v2\/pages\/104\/revisions"}],"predecessor-version":[{"id":107,"href":"http:\/\/klubycherubinek.bckompleks.eu\/index.php\/wp-json\/wp\/v2\/pages\/104\/revisions\/107"}],"wp:attachment":[{"href":"http:\/\/klubycherubinek.bckompleks.eu\/index.php\/wp-json\/wp\/v2\/media?parent=104"}],"curies":[{"name":"wp","href":"https:\/\/api.w.org\/{rel}","templated":true}]}}